{"id":4116,"date":"2020-12-17T12:50:28","date_gmt":"2020-12-17T12:50:28","guid":{"rendered":"https:\/\/laboratorium.piap.lukasiewicz.gov.pl\/contact\/"},"modified":"2022-12-12T12:16:09","modified_gmt":"2022-12-12T12:16:09","slug":"contact","status":"publish","type":"page","link":"https:\/\/laboratorium.piap.lukasiewicz.gov.pl\/en\/contact\/","title":{"rendered":"Contact"},"content":{"rendered":"\t\t<div data-elementor-type=\"wp-post\" data-elementor-id=\"4116\" class=\"elementor elementor-4116 elementor-2925\">\n\t\t\t\t\t\t<section class=\"elementor-section elementor-top-section elementor-element elementor-element-553cd9a elementor-section-boxed elementor-section-height-default elementor-section-height-default\" data-id=\"553cd9a\" data-element_type=\"section\" data-e-type=\"section\">\n\t\t\t\t\t\t<div class=\"elementor-container elementor-column-gap-default\">\n\t\t\t\t\t<div class=\"elementor-column elementor-col-100 elementor-top-column elementor-element elementor-element-e7af8f2\" data-id=\"e7af8f2\" data-element_type=\"column\" data-e-type=\"column\">\n\t\t\t<div class=\"elementor-widget-wrap elementor-element-populated\">\n\t\t\t\t\t\t<div class=\"elementor-element elementor-element-51d763f4 lt-title-big elementor-widget elementor-widget-heading\" data-id=\"51d763f4\" data-element_type=\"widget\" data-e-type=\"widget\" data-widget_type=\"heading.default\">\n\t\t\t\t<div class=\"elementor-widget-container\">\n\t\t\t\t\t<h2 class=\"elementor-heading-title elementor-size-default\">Contact<\/h2>\t\t\t\t<\/div>\n\t\t\t\t<\/div>\n\t\t\t\t<div class=\"elementor-element elementor-element-a596091 elementor-widget elementor-widget-google_maps\" data-id=\"a596091\" data-element_type=\"widget\" data-e-type=\"widget\" data-widget_type=\"google_maps.default\">\n\t\t\t\t<div class=\"elementor-widget-container\">\n\t\t\t\t\t\t\t<div class=\"elementor-custom-embed\">\n\t\t\t<iframe loading=\"lazy\"\n\t\t\t\t\tsrc=\"https:\/\/maps.google.com\/maps?q=Sie%C4%87%20Badawcza%20%C5%81UKASIEWICZ%20-%20Przemys%C5%82owy%20Instytut%20Automatyki%20i%20Pomiar%C3%B3w%20PIAP&#038;t=m&#038;z=10&#038;output=embed&#038;iwloc=near\"\n\t\t\t\t\ttitle=\"Sie\u0107 Badawcza \u0141UKASIEWICZ - Przemys\u0142owy Instytut Automatyki i Pomiar\u00f3w PIAP\"\n\t\t\t\t\taria-label=\"Sie\u0107 Badawcza \u0141UKASIEWICZ - Przemys\u0142owy Instytut Automatyki i Pomiar\u00f3w PIAP\"\n\t\t\t><\/iframe>\n\t\t<\/div>\n\t\t\t\t\t\t<\/div>\n\t\t\t\t<\/div>\n\t\t\t\t<div class=\"elementor-element elementor-element-83e6e48 elementor-widget elementor-widget-text-editor\" data-id=\"83e6e48\" data-element_type=\"widget\" data-e-type=\"widget\" data-widget_type=\"text-editor.default\">\n\t\t\t\t<div class=\"elementor-widget-container\">\n\t\t\t\t\t\t\t\t\t<p style=\"text-align: center;\">\u0141ukasiewicz Research Network \u2013 Industrial<br>Research Institute for Automation and Measurements PIAP<br>Al. Jerozolimskie 202<br>02-486 Warsaw<br>Phone: <b>+48<\/b> 22 874 03 47<\/p>\t\t\t\t\t\t\t\t<\/div>\n\t\t\t\t<\/div>\n\t\t\t\t<div class=\"elementor-element elementor-element-796797e elementor-widget elementor-widget-text-editor\" data-id=\"796797e\" data-element_type=\"widget\" data-e-type=\"widget\" data-widget_type=\"text-editor.default\">\n\t\t\t\t<div class=\"elementor-widget-container\">\n\t\t\t\t\t\t\t\t\t<p style=\"text-align: center;\">LABORATORY<br \/>Orders and questions<br \/>e-mail: <a style=\"background-color: #ffffff;\" href=\"mailto:laboratorium@piap.lukasiewicz.gov.pl\">laboratorium@piap.lukasiewicz.gov.pl<\/a><br \/>Phone: <b>+48<\/b> 22 874 03 47<\/p>\t\t\t\t\t\t\t\t<\/div>\n\t\t\t\t<\/div>\n\t\t\t\t<div class=\"elementor-element elementor-element-b135e17 elementor-widget elementor-widget-text-editor\" data-id=\"b135e17\" data-element_type=\"widget\" data-e-type=\"widget\" data-widget_type=\"text-editor.default\">\n\t\t\t\t<div class=\"elementor-widget-container\">\n\t\t\t\t\t\t\t\t\t<p style=\"text-align: center;\">Laboratory Manager<br \/>Krzysztof Trzcinka MSc, Eng<br \/>e-mail: <a href=\"mailto:krzysztof.trzcinka@piap.lukasiewicz.gov.pl\">krzysztof.trzcinka@piap.lukasiewicz.gov.pl<\/a><br \/>Phone: <b>+48<\/b> 22 874 03 47<\/p>\t\t\t\t\t\t\t\t<\/div>\n\t\t\t\t<\/div>\n\t\t\t\t\t<\/div>\n\t\t<\/div>\n\t\t\t\t\t<\/div>\n\t\t<\/section>\n\t\t\t\t<\/div>\n\t\t","protected":false},"excerpt":{"rendered":"<p>Contact \u0141ukasiewicz Research Network \u2013 Industrial Research Institute for Automation and Measurements PIAP Al. Jerozolimskie 202 02-486 Warsaw Phone: +48 22 874 03 47 LABORATORY Orders and questions e-mail: laboratorium@piap.lukasiewicz.gov.pl Phone: +48 22 874 03 47 Laboratory Manager Krzysztof Trzcinka MSc, Eng e-mail: krzysztof.trzcinka@piap.lukasiewicz.gov.pl Phone: +48 22 874 03 47<\/p>\n","protected":false},"author":2,"featured_media":0,"parent":0,"menu_order":0,"comment_status":"closed","ping_status":"closed","template":"elementor_header_footer","meta":{"footnotes":""},"class_list":["post-4116","page","type-page","status-publish","hentry"],"yoast_head":"<!-- This site is optimized with the Yoast SEO plugin v27.3 - https:\/\/yoast.com\/product\/yoast-seo-wordpress\/ -->\n<title>Laboratorium \u0141ukasiewicz - PIAP - Contact<\/title>\n<meta name=\"robots\" content=\"index, follow, max-snippet:-1, max-image-preview:large, max-video-preview:-1\" \/>\n<link rel=\"canonical\" href=\"https:\/\/laboratorium.piap.lukasiewicz.gov.pl\/en\/contact\/\" \/>\n<meta property=\"og:locale\" content=\"en_US\" \/>\n<meta property=\"og:type\" content=\"article\" \/>\n<meta property=\"og:title\" content=\"Laboratorium \u0141ukasiewicz - PIAP - Contact\" \/>\n<meta property=\"og:description\" content=\"Contact \u0141ukasiewicz Research Network \u2013 Industrial Research Institute for Automation and Measurements PIAP Al. Jerozolimskie 202 02-486 Warsaw Phone: +48 22 874 03 47 LABORATORY Orders and questions e-mail: laboratorium@piap.lukasiewicz.gov.pl Phone: +48 22 874 03 47 Laboratory Manager Krzysztof Trzcinka MSc, Eng e-mail: krzysztof.trzcinka@piap.lukasiewicz.gov.pl Phone: +48 22 874 03 47\" \/>\n<meta property=\"og:url\" content=\"https:\/\/laboratorium.piap.lukasiewicz.gov.pl\/en\/contact\/\" \/>\n<meta property=\"og:site_name\" content=\"Laboratorium \u0141ukasiewicz - PIAP\" \/>\n<meta property=\"article:modified_time\" content=\"2022-12-12T12:16:09+00:00\" \/>\n<meta name=\"twitter:card\" content=\"summary_large_image\" \/>\n<script type=\"application\/ld+json\" class=\"yoast-schema-graph\">{\"@context\":\"https:\\\/\\\/schema.org\",\"@graph\":[{\"@type\":\"WebPage\",\"@id\":\"https:\\\/\\\/laboratorium.piap.lukasiewicz.gov.pl\\\/en\\\/contact\\\/\",\"url\":\"https:\\\/\\\/laboratorium.piap.lukasiewicz.gov.pl\\\/en\\\/contact\\\/\",\"name\":\"Laboratorium \u0141ukasiewicz - PIAP - Contact\",\"isPartOf\":{\"@id\":\"https:\\\/\\\/laboratorium.piap.lukasiewicz.gov.pl\\\/en\\\/#website\"},\"datePublished\":\"2020-12-17T12:50:28+00:00\",\"dateModified\":\"2022-12-12T12:16:09+00:00\",\"breadcrumb\":{\"@id\":\"https:\\\/\\\/laboratorium.piap.lukasiewicz.gov.pl\\\/en\\\/contact\\\/#breadcrumb\"},\"inLanguage\":\"en-US\",\"potentialAction\":[{\"@type\":\"ReadAction\",\"target\":[\"https:\\\/\\\/laboratorium.piap.lukasiewicz.gov.pl\\\/en\\\/contact\\\/\"]}]},{\"@type\":\"BreadcrumbList\",\"@id\":\"https:\\\/\\\/laboratorium.piap.lukasiewicz.gov.pl\\\/en\\\/contact\\\/#breadcrumb\",\"itemListElement\":[{\"@type\":\"ListItem\",\"position\":1,\"name\":\"Strona g\u0142\u00f3wna\",\"item\":\"https:\\\/\\\/laboratorium.piap.lukasiewicz.gov.pl\\\/en\\\/\"},{\"@type\":\"ListItem\",\"position\":2,\"name\":\"Contact\"}]},{\"@type\":\"WebSite\",\"@id\":\"https:\\\/\\\/laboratorium.piap.lukasiewicz.gov.pl\\\/en\\\/#website\",\"url\":\"https:\\\/\\\/laboratorium.piap.lukasiewicz.gov.pl\\\/en\\\/\",\"name\":\"Laboratorium \u0141ukasiewicz - PIAP\",\"description\":\"Laboratorium \u0141ukasiewicz\",\"publisher\":{\"@id\":\"https:\\\/\\\/laboratorium.piap.lukasiewicz.gov.pl\\\/en\\\/#organization\"},\"potentialAction\":[{\"@type\":\"SearchAction\",\"target\":{\"@type\":\"EntryPoint\",\"urlTemplate\":\"https:\\\/\\\/laboratorium.piap.lukasiewicz.gov.pl\\\/en\\\/?s={search_term_string}\"},\"query-input\":{\"@type\":\"PropertyValueSpecification\",\"valueRequired\":true,\"valueName\":\"search_term_string\"}}],\"inLanguage\":\"en-US\"},{\"@type\":\"Organization\",\"@id\":\"https:\\\/\\\/laboratorium.piap.lukasiewicz.gov.pl\\\/en\\\/#organization\",\"name\":\"Laboratorium \u0141ukasiewicz - PIAP\",\"url\":\"https:\\\/\\\/laboratorium.piap.lukasiewicz.gov.pl\\\/en\\\/\",\"logo\":{\"@type\":\"ImageObject\",\"inLanguage\":\"en-US\",\"@id\":\"https:\\\/\\\/laboratorium.piap.lukasiewicz.gov.pl\\\/en\\\/#\\\/schema\\\/logo\\\/image\\\/\",\"url\":\"https:\\\/\\\/laboratorium.piap.lukasiewicz.gov.pl\\\/wp-content\\\/uploads\\\/2020\\\/12\\\/cropped-cropped-logo_piap_poziom.png\",\"contentUrl\":\"https:\\\/\\\/laboratorium.piap.lukasiewicz.gov.pl\\\/wp-content\\\/uploads\\\/2020\\\/12\\\/cropped-cropped-logo_piap_poziom.png\",\"width\":240,\"height\":74,\"caption\":\"Laboratorium \u0141ukasiewicz - PIAP\"},\"image\":{\"@id\":\"https:\\\/\\\/laboratorium.piap.lukasiewicz.gov.pl\\\/en\\\/#\\\/schema\\\/logo\\\/image\\\/\"}}]}<\/script>\n<!-- \/ Yoast SEO plugin. -->","yoast_head_json":{"title":"Laboratorium \u0141ukasiewicz - PIAP - Contact","robots":{"index":"index","follow":"follow","max-snippet":"max-snippet:-1","max-image-preview":"max-image-preview:large","max-video-preview":"max-video-preview:-1"},"canonical":"https:\/\/laboratorium.piap.lukasiewicz.gov.pl\/en\/contact\/","og_locale":"en_US","og_type":"article","og_title":"Laboratorium \u0141ukasiewicz - PIAP - Contact","og_description":"Contact \u0141ukasiewicz Research Network \u2013 Industrial Research Institute for Automation and Measurements PIAP Al. Jerozolimskie 202 02-486 Warsaw Phone: +48 22 874 03 47 LABORATORY Orders and questions e-mail: laboratorium@piap.lukasiewicz.gov.pl Phone: +48 22 874 03 47 Laboratory Manager Krzysztof Trzcinka MSc, Eng e-mail: krzysztof.trzcinka@piap.lukasiewicz.gov.pl Phone: +48 22 874 03 47","og_url":"https:\/\/laboratorium.piap.lukasiewicz.gov.pl\/en\/contact\/","og_site_name":"Laboratorium \u0141ukasiewicz - PIAP","article_modified_time":"2022-12-12T12:16:09+00:00","twitter_card":"summary_large_image","schema":{"@context":"https:\/\/schema.org","@graph":[{"@type":"WebPage","@id":"https:\/\/laboratorium.piap.lukasiewicz.gov.pl\/en\/contact\/","url":"https:\/\/laboratorium.piap.lukasiewicz.gov.pl\/en\/contact\/","name":"Laboratorium \u0141ukasiewicz - PIAP - Contact","isPartOf":{"@id":"https:\/\/laboratorium.piap.lukasiewicz.gov.pl\/en\/#website"},"datePublished":"2020-12-17T12:50:28+00:00","dateModified":"2022-12-12T12:16:09+00:00","breadcrumb":{"@id":"https:\/\/laboratorium.piap.lukasiewicz.gov.pl\/en\/contact\/#breadcrumb"},"inLanguage":"en-US","potentialAction":[{"@type":"ReadAction","target":["https:\/\/laboratorium.piap.lukasiewicz.gov.pl\/en\/contact\/"]}]},{"@type":"BreadcrumbList","@id":"https:\/\/laboratorium.piap.lukasiewicz.gov.pl\/en\/contact\/#breadcrumb","itemListElement":[{"@type":"ListItem","position":1,"name":"Strona g\u0142\u00f3wna","item":"https:\/\/laboratorium.piap.lukasiewicz.gov.pl\/en\/"},{"@type":"ListItem","position":2,"name":"Contact"}]},{"@type":"WebSite","@id":"https:\/\/laboratorium.piap.lukasiewicz.gov.pl\/en\/#website","url":"https:\/\/laboratorium.piap.lukasiewicz.gov.pl\/en\/","name":"Laboratorium \u0141ukasiewicz - PIAP","description":"Laboratorium \u0141ukasiewicz","publisher":{"@id":"https:\/\/laboratorium.piap.lukasiewicz.gov.pl\/en\/#organization"},"potentialAction":[{"@type":"SearchAction","target":{"@type":"EntryPoint","urlTemplate":"https:\/\/laboratorium.piap.lukasiewicz.gov.pl\/en\/?s={search_term_string}"},"query-input":{"@type":"PropertyValueSpecification","valueRequired":true,"valueName":"search_term_string"}}],"inLanguage":"en-US"},{"@type":"Organization","@id":"https:\/\/laboratorium.piap.lukasiewicz.gov.pl\/en\/#organization","name":"Laboratorium \u0141ukasiewicz - PIAP","url":"https:\/\/laboratorium.piap.lukasiewicz.gov.pl\/en\/","logo":{"@type":"ImageObject","inLanguage":"en-US","@id":"https:\/\/laboratorium.piap.lukasiewicz.gov.pl\/en\/#\/schema\/logo\/image\/","url":"https:\/\/laboratorium.piap.lukasiewicz.gov.pl\/wp-content\/uploads\/2020\/12\/cropped-cropped-logo_piap_poziom.png","contentUrl":"https:\/\/laboratorium.piap.lukasiewicz.gov.pl\/wp-content\/uploads\/2020\/12\/cropped-cropped-logo_piap_poziom.png","width":240,"height":74,"caption":"Laboratorium \u0141ukasiewicz - PIAP"},"image":{"@id":"https:\/\/laboratorium.piap.lukasiewicz.gov.pl\/en\/#\/schema\/logo\/image\/"}}]}},"_links":{"self":[{"href":"https:\/\/laboratorium.piap.lukasiewicz.gov.pl\/en\/wp-json\/wp\/v2\/pages\/4116","targetHints":{"allow":["GET"]}}],"collection":[{"href":"https:\/\/laboratorium.piap.lukasiewicz.gov.pl\/en\/wp-json\/wp\/v2\/pages"}],"about":[{"href":"https:\/\/laboratorium.piap.lukasiewicz.gov.pl\/en\/wp-json\/wp\/v2\/types\/page"}],"author":[{"embeddable":true,"href":"https:\/\/laboratorium.piap.lukasiewicz.gov.pl\/en\/wp-json\/wp\/v2\/users\/2"}],"replies":[{"embeddable":true,"href":"https:\/\/laboratorium.piap.lukasiewicz.gov.pl\/en\/wp-json\/wp\/v2\/comments?post=4116"}],"version-history":[{"count":0,"href":"https:\/\/laboratorium.piap.lukasiewicz.gov.pl\/en\/wp-json\/wp\/v2\/pages\/4116\/revisions"}],"wp:attachment":[{"href":"https:\/\/laboratorium.piap.lukasiewicz.gov.pl\/en\/wp-json\/wp\/v2\/media?parent=4116"}],"curies":[{"name":"wp","href":"https:\/\/api.w.org\/{rel}","templated":true}]}}