{"id":4125,"date":"2020-12-16T09:58:41","date_gmt":"2020-12-16T09:58:41","guid":{"rendered":"https:\/\/laboratorium.piap.lukasiewicz.gov.pl\/about-us\/"},"modified":"2022-11-29T14:51:06","modified_gmt":"2022-11-29T14:51:06","slug":"about-us","status":"publish","type":"page","link":"https:\/\/laboratorium.piap.lukasiewicz.gov.pl\/en\/about-us\/","title":{"rendered":"About us"},"content":{"rendered":"\t\t<div data-elementor-type=\"wp-post\" data-elementor-id=\"4125\" class=\"elementor elementor-4125 elementor-2889\">\n\t\t\t\t\t\t<section class=\"elementor-section elementor-top-section elementor-element elementor-element-553cd9a elementor-section-boxed elementor-section-height-default elementor-section-height-default\" data-id=\"553cd9a\" data-element_type=\"section\" data-e-type=\"section\">\n\t\t\t\t\t\t<div class=\"elementor-container elementor-column-gap-default\">\n\t\t\t\t\t<div class=\"elementor-column elementor-col-100 elementor-top-column elementor-element elementor-element-e7af8f2\" data-id=\"e7af8f2\" data-element_type=\"column\" data-e-type=\"column\">\n\t\t\t<div class=\"elementor-widget-wrap elementor-element-populated\">\n\t\t\t\t\t\t<div class=\"elementor-element elementor-element-51d763f4 lt-title-big elementor-widget elementor-widget-heading\" data-id=\"51d763f4\" data-element_type=\"widget\" data-e-type=\"widget\" data-widget_type=\"heading.default\">\n\t\t\t\t<div class=\"elementor-widget-container\">\n\t\t\t\t\t<h2 class=\"elementor-heading-title elementor-size-default\">About us<\/h2>\t\t\t\t<\/div>\n\t\t\t\t<\/div>\n\t\t\t\t<div class=\"elementor-element elementor-element-b2cf697 elementor-widget elementor-widget-text-editor\" data-id=\"b2cf697\" data-element_type=\"widget\" data-e-type=\"widget\" data-widget_type=\"text-editor.default\">\n\t\t\t\t<div class=\"elementor-widget-container\">\n\t\t\t\t\t\t\t\t\t<p><img fetchpriority=\"high\" decoding=\"async\" class=\"mobile-center alignright wp-image-3180 size-medium\" src=\"https:\/\/laboratorium.piap.lukasiewicz.gov.pl\/wp-content\/uploads\/2021\/02\/piap-patio-600x410.jpg\" alt=\"\u015arodek budynku \u0141ukasiewicz - Przemys\u0142owy Instytut Automatyki i Pomiar\u00f3w PIAP\" width=\"600\" height=\"410\" \/>Research and calibration laboratory is part of the Industrial Research Institute for Automation and Measurements PIAP, which belongs to the \u0141ukasiewicz Research Network. It was established on the basis of laboratories previously operating within the Institute. With its foundation in 1965, the Reliability and Quality Research Centre was established as a laboratory focused mainly on environmental research and was accredited by the Polish Register of Shipping (PRS). As early as 1986, a laboratory dealing with electromagnetic compatibility was operating in the Electrical Automation Centre at PIAP. In 1992, under the programme for establishing accredited laboratories, the Industrial Automation and Robotics Testing Laboratory PIAP-LAB was established. In 1996 it was accreditated in electromagnetic compatibility testing, environmental testing, pressure gauges and measurement transducers testing, and testing of industrial robots and automation components. When the accreditation expired in 2002, due to low market demand for testing services, PIAP did not apply for renewal of the laboratory&#8217;s accreditation. The laboratory continued to operate for the internal needs of PIAP&#8217;s R&amp;D departments and the product certification centre (PIAP-OCW).<\/p><p>Nowadays, in its activities, the laboratory relies on the many years of experience gained by its staff in research carried out at PIAP, as well as product design and construction. For many years we have been actively participating in the work of Polish Committee for Standardization (P.K.N.) Technical Committees on Electromagnetic Compatibility EMC and Electrical Safety of Products. We are a member of the POLLAB Club of Polish Testing Laboratories . We also present the results of our cognitive research or generalised methodological achievements at numerous conferences and symposia, national (e.g. AUTOMATION Conference) and international, as well as in scientific publications. Laboratory staff systematically participate in general and specialised training courses to ensure the highest quality of research services. To improve and enhance the quality of the services provided by the research and calibration laboratory , we have obtained accreditation No. AP 196 in August 2021. We make every effort to ensure that the research services offered can be of the highest possible quality. Hence we are taking steps to extend the accreditation to the research part of the laboratory.<\/p>\t\t\t\t\t\t\t\t<\/div>\n\t\t\t\t<\/div>\n\t\t\t\t\t<\/div>\n\t\t<\/div>\n\t\t\t\t\t<\/div>\n\t\t<\/section>\n\t\t\t\t<\/div>\n\t\t","protected":false},"excerpt":{"rendered":"<p>About us Research and calibration laboratory is part of the Industrial Research Institute for Automation and Measurements PIAP, which belongs to the \u0141ukasiewicz Research Network. It was established on the basis of laboratories previously operating within the Institute. With its foundation in 1965, the Reliability and Quality Research Centre was established as a laboratory focused &hellip; <a href=\"https:\/\/laboratorium.piap.lukasiewicz.gov.pl\/en\/about-us\/\" class=\"more-link\">Continue reading<span class=\"screen-reader-text\"> &#8220;About us&#8221;<\/span><\/a><\/p>\n","protected":false},"author":2,"featured_media":0,"parent":0,"menu_order":0,"comment_status":"closed","ping_status":"closed","template":"elementor_header_footer","meta":{"footnotes":""},"class_list":["post-4125","page","type-page","status-publish","hentry"],"yoast_head":"<!-- This site is optimized with the Yoast SEO plugin v27.3 - https:\/\/yoast.com\/product\/yoast-seo-wordpress\/ -->\n<title>Laboratorium \u0141ukasiewicz - PIAP - About us<\/title>\n<meta name=\"robots\" content=\"index, follow, max-snippet:-1, max-image-preview:large, max-video-preview:-1\" \/>\n<link rel=\"canonical\" href=\"https:\/\/laboratorium.piap.lukasiewicz.gov.pl\/en\/about-us\/\" \/>\n<meta property=\"og:locale\" content=\"en_US\" \/>\n<meta property=\"og:type\" content=\"article\" \/>\n<meta property=\"og:title\" content=\"Laboratorium \u0141ukasiewicz - PIAP - About us\" \/>\n<meta property=\"og:description\" content=\"About us Research and calibration laboratory is part of the Industrial Research Institute for Automation and Measurements PIAP, which belongs to the \u0141ukasiewicz Research Network. It was established on the basis of laboratories previously operating within the Institute. With its foundation in 1965, the Reliability and Quality Research Centre was established as a laboratory focused &hellip; Continue reading &quot;About us&quot;\" \/>\n<meta property=\"og:url\" content=\"https:\/\/laboratorium.piap.lukasiewicz.gov.pl\/en\/about-us\/\" \/>\n<meta property=\"og:site_name\" content=\"Laboratorium \u0141ukasiewicz - PIAP\" \/>\n<meta property=\"article:modified_time\" content=\"2022-11-29T14:51:06+00:00\" \/>\n<meta property=\"og:image\" content=\"https:\/\/laboratorium.piap.lukasiewicz.gov.pl\/wp-content\/uploads\/2021\/02\/piap-patio-600x410.jpg\" \/>\n<meta name=\"twitter:card\" content=\"summary_large_image\" \/>\n<meta name=\"twitter:label1\" content=\"Est. reading time\" \/>\n\t<meta name=\"twitter:data1\" content=\"2 minutes\" \/>\n<script type=\"application\/ld+json\" class=\"yoast-schema-graph\">{\"@context\":\"https:\\\/\\\/schema.org\",\"@graph\":[{\"@type\":\"WebPage\",\"@id\":\"https:\\\/\\\/laboratorium.piap.lukasiewicz.gov.pl\\\/en\\\/about-us\\\/\",\"url\":\"https:\\\/\\\/laboratorium.piap.lukasiewicz.gov.pl\\\/en\\\/about-us\\\/\",\"name\":\"Laboratorium \u0141ukasiewicz - PIAP - About us\",\"isPartOf\":{\"@id\":\"https:\\\/\\\/laboratorium.piap.lukasiewicz.gov.pl\\\/en\\\/#website\"},\"primaryImageOfPage\":{\"@id\":\"https:\\\/\\\/laboratorium.piap.lukasiewicz.gov.pl\\\/en\\\/about-us\\\/#primaryimage\"},\"image\":{\"@id\":\"https:\\\/\\\/laboratorium.piap.lukasiewicz.gov.pl\\\/en\\\/about-us\\\/#primaryimage\"},\"thumbnailUrl\":\"https:\\\/\\\/laboratorium.piap.lukasiewicz.gov.pl\\\/wp-content\\\/uploads\\\/2021\\\/02\\\/piap-patio-600x410.jpg\",\"datePublished\":\"2020-12-16T09:58:41+00:00\",\"dateModified\":\"2022-11-29T14:51:06+00:00\",\"breadcrumb\":{\"@id\":\"https:\\\/\\\/laboratorium.piap.lukasiewicz.gov.pl\\\/en\\\/about-us\\\/#breadcrumb\"},\"inLanguage\":\"en-US\",\"potentialAction\":[{\"@type\":\"ReadAction\",\"target\":[\"https:\\\/\\\/laboratorium.piap.lukasiewicz.gov.pl\\\/en\\\/about-us\\\/\"]}]},{\"@type\":\"ImageObject\",\"inLanguage\":\"en-US\",\"@id\":\"https:\\\/\\\/laboratorium.piap.lukasiewicz.gov.pl\\\/en\\\/about-us\\\/#primaryimage\",\"url\":\"https:\\\/\\\/laboratorium.piap.lukasiewicz.gov.pl\\\/wp-content\\\/uploads\\\/2021\\\/02\\\/piap-patio-600x410.jpg\",\"contentUrl\":\"https:\\\/\\\/laboratorium.piap.lukasiewicz.gov.pl\\\/wp-content\\\/uploads\\\/2021\\\/02\\\/piap-patio-600x410.jpg\"},{\"@type\":\"BreadcrumbList\",\"@id\":\"https:\\\/\\\/laboratorium.piap.lukasiewicz.gov.pl\\\/en\\\/about-us\\\/#breadcrumb\",\"itemListElement\":[{\"@type\":\"ListItem\",\"position\":1,\"name\":\"Strona g\u0142\u00f3wna\",\"item\":\"https:\\\/\\\/laboratorium.piap.lukasiewicz.gov.pl\\\/en\\\/\"},{\"@type\":\"ListItem\",\"position\":2,\"name\":\"About us\"}]},{\"@type\":\"WebSite\",\"@id\":\"https:\\\/\\\/laboratorium.piap.lukasiewicz.gov.pl\\\/en\\\/#website\",\"url\":\"https:\\\/\\\/laboratorium.piap.lukasiewicz.gov.pl\\\/en\\\/\",\"name\":\"Laboratorium \u0141ukasiewicz - PIAP\",\"description\":\"Laboratorium \u0141ukasiewicz\",\"publisher\":{\"@id\":\"https:\\\/\\\/laboratorium.piap.lukasiewicz.gov.pl\\\/en\\\/#organization\"},\"potentialAction\":[{\"@type\":\"SearchAction\",\"target\":{\"@type\":\"EntryPoint\",\"urlTemplate\":\"https:\\\/\\\/laboratorium.piap.lukasiewicz.gov.pl\\\/en\\\/?s={search_term_string}\"},\"query-input\":{\"@type\":\"PropertyValueSpecification\",\"valueRequired\":true,\"valueName\":\"search_term_string\"}}],\"inLanguage\":\"en-US\"},{\"@type\":\"Organization\",\"@id\":\"https:\\\/\\\/laboratorium.piap.lukasiewicz.gov.pl\\\/en\\\/#organization\",\"name\":\"Laboratorium \u0141ukasiewicz - PIAP\",\"url\":\"https:\\\/\\\/laboratorium.piap.lukasiewicz.gov.pl\\\/en\\\/\",\"logo\":{\"@type\":\"ImageObject\",\"inLanguage\":\"en-US\",\"@id\":\"https:\\\/\\\/laboratorium.piap.lukasiewicz.gov.pl\\\/en\\\/#\\\/schema\\\/logo\\\/image\\\/\",\"url\":\"https:\\\/\\\/laboratorium.piap.lukasiewicz.gov.pl\\\/wp-content\\\/uploads\\\/2020\\\/12\\\/cropped-cropped-logo_piap_poziom.png\",\"contentUrl\":\"https:\\\/\\\/laboratorium.piap.lukasiewicz.gov.pl\\\/wp-content\\\/uploads\\\/2020\\\/12\\\/cropped-cropped-logo_piap_poziom.png\",\"width\":240,\"height\":74,\"caption\":\"Laboratorium \u0141ukasiewicz - PIAP\"},\"image\":{\"@id\":\"https:\\\/\\\/laboratorium.piap.lukasiewicz.gov.pl\\\/en\\\/#\\\/schema\\\/logo\\\/image\\\/\"}}]}<\/script>\n<!-- \/ Yoast SEO plugin. -->","yoast_head_json":{"title":"Laboratorium \u0141ukasiewicz - PIAP - About us","robots":{"index":"index","follow":"follow","max-snippet":"max-snippet:-1","max-image-preview":"max-image-preview:large","max-video-preview":"max-video-preview:-1"},"canonical":"https:\/\/laboratorium.piap.lukasiewicz.gov.pl\/en\/about-us\/","og_locale":"en_US","og_type":"article","og_title":"Laboratorium \u0141ukasiewicz - PIAP - About us","og_description":"About us Research and calibration laboratory is part of the Industrial Research Institute for Automation and Measurements PIAP, which belongs to the \u0141ukasiewicz Research Network. It was established on the basis of laboratories previously operating within the Institute. With its foundation in 1965, the Reliability and Quality Research Centre was established as a laboratory focused &hellip; Continue reading \"About us\"","og_url":"https:\/\/laboratorium.piap.lukasiewicz.gov.pl\/en\/about-us\/","og_site_name":"Laboratorium \u0141ukasiewicz - PIAP","article_modified_time":"2022-11-29T14:51:06+00:00","og_image":[{"url":"https:\/\/laboratorium.piap.lukasiewicz.gov.pl\/wp-content\/uploads\/2021\/02\/piap-patio-600x410.jpg","type":"","width":"","height":""}],"twitter_card":"summary_large_image","twitter_misc":{"Est. reading time":"2 minutes"},"schema":{"@context":"https:\/\/schema.org","@graph":[{"@type":"WebPage","@id":"https:\/\/laboratorium.piap.lukasiewicz.gov.pl\/en\/about-us\/","url":"https:\/\/laboratorium.piap.lukasiewicz.gov.pl\/en\/about-us\/","name":"Laboratorium \u0141ukasiewicz - PIAP - About us","isPartOf":{"@id":"https:\/\/laboratorium.piap.lukasiewicz.gov.pl\/en\/#website"},"primaryImageOfPage":{"@id":"https:\/\/laboratorium.piap.lukasiewicz.gov.pl\/en\/about-us\/#primaryimage"},"image":{"@id":"https:\/\/laboratorium.piap.lukasiewicz.gov.pl\/en\/about-us\/#primaryimage"},"thumbnailUrl":"https:\/\/laboratorium.piap.lukasiewicz.gov.pl\/wp-content\/uploads\/2021\/02\/piap-patio-600x410.jpg","datePublished":"2020-12-16T09:58:41+00:00","dateModified":"2022-11-29T14:51:06+00:00","breadcrumb":{"@id":"https:\/\/laboratorium.piap.lukasiewicz.gov.pl\/en\/about-us\/#breadcrumb"},"inLanguage":"en-US","potentialAction":[{"@type":"ReadAction","target":["https:\/\/laboratorium.piap.lukasiewicz.gov.pl\/en\/about-us\/"]}]},{"@type":"ImageObject","inLanguage":"en-US","@id":"https:\/\/laboratorium.piap.lukasiewicz.gov.pl\/en\/about-us\/#primaryimage","url":"https:\/\/laboratorium.piap.lukasiewicz.gov.pl\/wp-content\/uploads\/2021\/02\/piap-patio-600x410.jpg","contentUrl":"https:\/\/laboratorium.piap.lukasiewicz.gov.pl\/wp-content\/uploads\/2021\/02\/piap-patio-600x410.jpg"},{"@type":"BreadcrumbList","@id":"https:\/\/laboratorium.piap.lukasiewicz.gov.pl\/en\/about-us\/#breadcrumb","itemListElement":[{"@type":"ListItem","position":1,"name":"Strona g\u0142\u00f3wna","item":"https:\/\/laboratorium.piap.lukasiewicz.gov.pl\/en\/"},{"@type":"ListItem","position":2,"name":"About us"}]},{"@type":"WebSite","@id":"https:\/\/laboratorium.piap.lukasiewicz.gov.pl\/en\/#website","url":"https:\/\/laboratorium.piap.lukasiewicz.gov.pl\/en\/","name":"Laboratorium \u0141ukasiewicz - PIAP","description":"Laboratorium \u0141ukasiewicz","publisher":{"@id":"https:\/\/laboratorium.piap.lukasiewicz.gov.pl\/en\/#organization"},"potentialAction":[{"@type":"SearchAction","target":{"@type":"EntryPoint","urlTemplate":"https:\/\/laboratorium.piap.lukasiewicz.gov.pl\/en\/?s={search_term_string}"},"query-input":{"@type":"PropertyValueSpecification","valueRequired":true,"valueName":"search_term_string"}}],"inLanguage":"en-US"},{"@type":"Organization","@id":"https:\/\/laboratorium.piap.lukasiewicz.gov.pl\/en\/#organization","name":"Laboratorium \u0141ukasiewicz - PIAP","url":"https:\/\/laboratorium.piap.lukasiewicz.gov.pl\/en\/","logo":{"@type":"ImageObject","inLanguage":"en-US","@id":"https:\/\/laboratorium.piap.lukasiewicz.gov.pl\/en\/#\/schema\/logo\/image\/","url":"https:\/\/laboratorium.piap.lukasiewicz.gov.pl\/wp-content\/uploads\/2020\/12\/cropped-cropped-logo_piap_poziom.png","contentUrl":"https:\/\/laboratorium.piap.lukasiewicz.gov.pl\/wp-content\/uploads\/2020\/12\/cropped-cropped-logo_piap_poziom.png","width":240,"height":74,"caption":"Laboratorium \u0141ukasiewicz - PIAP"},"image":{"@id":"https:\/\/laboratorium.piap.lukasiewicz.gov.pl\/en\/#\/schema\/logo\/image\/"}}]}},"_links":{"self":[{"href":"https:\/\/laboratorium.piap.lukasiewicz.gov.pl\/en\/wp-json\/wp\/v2\/pages\/4125","targetHints":{"allow":["GET"]}}],"collection":[{"href":"https:\/\/laboratorium.piap.lukasiewicz.gov.pl\/en\/wp-json\/wp\/v2\/pages"}],"about":[{"href":"https:\/\/laboratorium.piap.lukasiewicz.gov.pl\/en\/wp-json\/wp\/v2\/types\/page"}],"author":[{"embeddable":true,"href":"https:\/\/laboratorium.piap.lukasiewicz.gov.pl\/en\/wp-json\/wp\/v2\/users\/2"}],"replies":[{"embeddable":true,"href":"https:\/\/laboratorium.piap.lukasiewicz.gov.pl\/en\/wp-json\/wp\/v2\/comments?post=4125"}],"version-history":[{"count":0,"href":"https:\/\/laboratorium.piap.lukasiewicz.gov.pl\/en\/wp-json\/wp\/v2\/pages\/4125\/revisions"}],"wp:attachment":[{"href":"https:\/\/laboratorium.piap.lukasiewicz.gov.pl\/en\/wp-json\/wp\/v2\/media?parent=4125"}],"curies":[{"name":"wp","href":"https:\/\/api.w.org\/{rel}","templated":true}]}}